{"id":11601,"date":"2025-03-15T11:53:53","date_gmt":"2025-03-15T11:53:53","guid":{"rendered":"https:\/\/eliksirvitalnosti.com\/?post_type=product&#038;p=11601"},"modified":"2026-04-02T13:17:43","modified_gmt":"2026-04-02T13:17:43","slug":"sportpalack","status":"publish","type":"product","link":"https:\/\/eliksirvitalnosti.com\/hu\/proizvod\/sportpalack\/","title":{"rendered":"Sportpalack"},"content":{"rendered":"<h4 data-start=\"5\" data-end=\"35\"><strong data-start=\"5\" data-end=\"33\">A term\u00e9k jellemz\u0151i<\/strong><\/h4>\n<p data-start=\"37\" data-end=\"486\">\u2022 <strong data-start=\"39\" data-end=\"66\">Kiv\u00e1l\u00f3 min\u0151s\u00e9g\u0171 kivitel<\/strong> \u2013 Tart\u00f3s \u00e9s biztons\u00e1gos anyagokb\u00f3l k\u00e9sz\u00fclt, a sportpalack ide\u00e1lis a mindennapi haszn\u00e1latra.<br data-start=\"168\" data-end=\"171\">\u2022 <strong data-start=\"173\" data-end=\"193\">Ergon\u00f3mikus forma<\/strong> \u2013 K\u00f6nnyen foghat\u00f3 \u00e9s haszn\u00e1lhat\u00f3, minden koroszt\u00e1ly \u00e9s k\u00fcl\u00f6nf\u00e9le tev\u00e9kenys\u00e9gek sz\u00e1m\u00e1ra megfelel\u0151.<br data-start=\"273\" data-end=\"276\">\u2022 <strong data-start=\"278\" data-end=\"301\">Praktikus \u0171rtartalom<\/strong> \u2013 El\u00e9g nagy ahhoz, hogy fedezze napi hidrat\u00e1l\u00e1si ig\u00e9nyeit, ugyanakkor kompakt a hordoz\u00e1shoz.<br data-start=\"405\" data-end=\"408\">\u2022 <strong data-start=\"410\" data-end=\"425\">M\u00e1rkalog\u00f3<\/strong> \u2013 Az hangs\u00falyos log\u00f3 akt\u00edv, eg\u00e9szs\u00e9ges \u00e9letm\u00f3dra inspir\u00e1l.<\/p>\n<hr data-start=\"488\" data-end=\"491\">\n<h4 data-start=\"493\" data-end=\"520\"><strong data-start=\"493\" data-end=\"518\">Mi\u00e9rt fogod szeretni?<\/strong><\/h4>\n<p data-start=\"522\" data-end=\"742\">\u2022 Eg\u00e9sz nap hidrat\u00e1ltan tart \u2013 t\u00f6k\u00e9letes munk\u00e1hoz, edz\u00e9shez vagy utaz\u00e1shoz.<br data-start=\"608\" data-end=\"611\">\u2022 K\u00f6nny\u0171 \u00e9s praktikus \u2013 elf\u00e9r a h\u00e1tizs\u00e1kban, t\u00e1sk\u00e1ban vagy az aut\u00f3 poh\u00e1rtart\u00f3j\u00e1ban.<br data-start=\"676\" data-end=\"679\">\u2022 Modern diz\u00e1jn \u2013 m\u00e1rk\u00e1zott palack, amely illik az \u00d6n st\u00edlus\u00e1hoz.<\/p>\n<hr data-start=\"744\" data-end=\"747\">\n<p data-start=\"749\" data-end=\"834\" data-is-last-node=\"\" data-is-only-node=\"\">T\u00e1mogassa az eg\u00e9szs\u00e9ges \u00e9letm\u00f3dot m\u00e1rk\u00e1zott sportpalackunkkal. Rendelje meg m\u00e9g ma! <\/p>\n","protected":false},"excerpt":{"rendered":"<p data-start=\"0\" data-end=\"34\">Hidrat\u00e1lts\u00e1g minden l\u00e9p\u00e9sn\u00e9l<\/p>\n<p data-start=\"36\" data-end=\"200\">Maradjon hidrat\u00e1lt eg\u00e9sz nap m\u00e1rk\u00e1zott sportpalackunkkal! Ergon\u00f3mikus kialak\u00edt\u00e1s\u00e1val \u00e9s praktikus \u0171rtartalm\u00e1val t\u00f6k\u00e9letes munk\u00e1hoz, edz\u00e9shez \u00e9s utaz\u00e1shoz. <\/p>\n<p data-start=\"202\" data-end=\"290\" data-is-last-node=\"\" data-is-only-node=\"\">T\u00e1mogassa az eg\u00e9szs\u00e9ges \u00e9letm\u00f3dot sportpalackunkkal. Tegye a gy\u0171jtem\u00e9ny\u00e9hez m\u00e9g ma! <\/p>\n","protected":false},"featured_media":15659,"comment_status":"open","ping_status":"closed","template":"","meta":{"_acf_changed":false},"product_brand":[],"product_cat":[412],"product_tag":[],"class_list":{"0":"post-11601","1":"product","2":"type-product","3":"status-publish","4":"has-post-thumbnail","6":"product_cat-egyeb-termekek","8":"first","9":"instock","10":"shipping-taxable","11":"purchasable","12":"product-type-simple"},"acf":[],"_links":{"self":[{"href":"https:\/\/eliksirvitalnosti.com\/hu\/wp-json\/wp\/v2\/product\/11601","targetHints":{"allow":["GET"]}}],"collection":[{"href":"https:\/\/eliksirvitalnosti.com\/hu\/wp-json\/wp\/v2\/product"}],"about":[{"href":"https:\/\/eliksirvitalnosti.com\/hu\/wp-json\/wp\/v2\/types\/product"}],"replies":[{"embeddable":true,"href":"https:\/\/eliksirvitalnosti.com\/hu\/wp-json\/wp\/v2\/comments?post=11601"}],"version-history":[{"count":0,"href":"https:\/\/eliksirvitalnosti.com\/hu\/wp-json\/wp\/v2\/product\/11601\/revisions"}],"wp:featuredmedia":[{"embeddable":true,"href":"https:\/\/eliksirvitalnosti.com\/hu\/wp-json\/wp\/v2\/media\/15659"}],"wp:attachment":[{"href":"https:\/\/eliksirvitalnosti.com\/hu\/wp-json\/wp\/v2\/media?parent=11601"}],"wp:term":[{"taxonomy":"product_brand","embeddable":true,"href":"https:\/\/eliksirvitalnosti.com\/hu\/wp-json\/wp\/v2\/product_brand?post=11601"},{"taxonomy":"product_cat","embeddable":true,"href":"https:\/\/eliksirvitalnosti.com\/hu\/wp-json\/wp\/v2\/product_cat?post=11601"},{"taxonomy":"product_tag","embeddable":true,"href":"https:\/\/eliksirvitalnosti.com\/hu\/wp-json\/wp\/v2\/product_tag?post=11601"}],"curies":[{"name":"wp","href":"https:\/\/api.w.org\/{rel}","templated":true}]}}