{"id":11607,"date":"2025-03-15T12:07:46","date_gmt":"2025-03-15T12:07:46","guid":{"rendered":"https:\/\/eliksirvitalnosti.com\/?post_type=product&#038;p=11607"},"modified":"2026-04-02T14:03:25","modified_gmt":"2026-04-02T14:03:25","slug":"illatos-autodisz","status":"publish","type":"product","link":"https:\/\/eliksirvitalnosti.com\/hu\/proizvod\/illatos-autodisz\/","title":{"rendered":"Illatos aut\u00f3d\u00edsz"},"content":{"rendered":"<div class=\"flex max-w-full flex-col flex-grow\">\n<div class=\"min-h-8 text-message relative flex w-full flex-col items-end gap-2 whitespace-normal break-words text-start [.text-message+&amp;]:mt-5\" dir=\"auto\" data-message-author-role=\"assistant\" data-message-id=\"0fd001c6-21cd-4920-ad1f-571ba73ae81a\" data-message-model-slug=\"gpt-4o\">\n<div class=\"flex w-full flex-col gap-1 empty:hidden first:pt-[3px]\">\n<div class=\"markdown prose w-full break-words dark:prose-invert light\">\n<h4 data-start=\"353\" data-end=\"383\"><strong data-start=\"353\" data-end=\"381\">A term\u00e9k jellemz\u0151i<\/strong><\/h4>\n<p data-start=\"385\" data-end=\"744\">\u2022 <strong data-start=\"387\" data-end=\"409\">Friss\u00edt\u0151 illat<\/strong> \u2013 A hosszan tart\u00f3 formula kellemes, tart\u00f3s illatot biztos\u00edt j\u00e1rm\u0171v\u00e9ben.<br data-start=\"482\" data-end=\"485\">\u2022 <strong data-start=\"487\" data-end=\"507\">Eleg\u00e1ns diz\u00e1jn<\/strong> \u2013 T\u00f6k\u00e9letesen illeszkedik az aut\u00f3 belter\u00e9be, \u00e9s egy csipetnyi st\u00edlust k\u00f6lcs\u00f6n\u00f6z.<br data-start=\"571\" data-end=\"574\">\u2022 <strong data-start=\"576\" data-end=\"598\">Praktikus haszn\u00e1lat<\/strong> \u2013 Az egyszer\u0171 r\u00f6gz\u00edt\u00e9snek k\u00f6sz\u00f6nhet\u0151en k\u00f6nnyed\u00e9n felfriss\u00edtheti a teret.<br data-start=\"666\" data-end=\"669\">\u2022 <strong data-start=\"671\" data-end=\"686\">M\u00e1rkalog\u00f3<\/strong> \u2013 A hangs\u00falyos log\u00f3 a tart\u00f3s min\u0151s\u00e9get \u00e9s st\u00edlust jelk\u00e9pezi.<\/p>\n<hr data-start=\"746\" data-end=\"749\">\n<h4 data-start=\"751\" data-end=\"778\"><strong data-start=\"751\" data-end=\"776\">Mi\u00e9rt fogod szeretni \u0151t?<\/strong><\/h4>\n<p data-start=\"780\" data-end=\"962\">\u2022 Hosszan tart\u00f3 \u00e9s kellemes illatot biztos\u00edt j\u00e1rm\u0171v\u00e9ben.<br data-start=\"836\" data-end=\"839\">\u2022 K\u00f6nny\u0171 \u00e9s praktikus \u2013 egyszer\u0171en felszerelhet\u0151 \u00e9s haszn\u00e1lhat\u00f3.<br data-start=\"896\" data-end=\"899\">\u2022 Modern diz\u00e1jn, amely st\u00edlust \u00e9s frissess\u00e9get visz minden aut\u00f3ba.<\/p>\n<hr data-start=\"964\" data-end=\"967\">\n<p data-start=\"969\" data-end=\"1062\" data-is-last-node=\"\" data-is-only-node=\"\">Adjon frissess\u00e9get \u00e9s eleganci\u00e1t aut\u00f3j\u00e1hoz illatos aut\u00f3d\u00edsz\u00fcnkkel. Rendelje meg m\u00e9g ma! <\/p>\n<\/div>\n<\/div>\n<\/div>\n<\/div>\n","protected":false},"excerpt":{"rendered":"<p data-start=\"5\" data-end=\"46\">Frissess\u00e9g \u00e9s st\u00edlus az aut\u00f3j\u00e1ban<\/p>\n<p data-start=\"48\" data-end=\"238\">\u00c9lvezze a kellemes illatot \u00e9s az eleg\u00e1ns diz\u00e1jnt m\u00e1rk\u00e1zott illatos aut\u00f3d\u00edsz\u00fcnkkel! A hosszan tart\u00f3, friss\u00edt\u0151 illatnak \u00e9s a praktikus haszn\u00e1latnak k\u00f6sz\u00f6nhet\u0151en aut\u00f3ja mindig friss illat\u00fa lesz. <\/p>\n<p data-start=\"240\" data-end=\"346\">Teremtsen kellemes hangulatot vezet\u00e9s k\u00f6zben illatos aut\u00f3d\u00edsz\u00fcnkkel. Adja hozz\u00e1 kollekci\u00f3j\u00e1hoz m\u00e9g ma! <\/p>\n","protected":false},"featured_media":14719,"comment_status":"open","ping_status":"closed","template":"","meta":{"_acf_changed":false},"product_brand":[],"product_cat":[412],"product_tag":[],"class_list":{"0":"post-11607","1":"product","2":"type-product","3":"status-publish","4":"has-post-thumbnail","6":"product_cat-egyeb-termekek","8":"first","9":"instock","10":"shipping-taxable","11":"purchasable","12":"product-type-simple"},"acf":[],"_links":{"self":[{"href":"https:\/\/eliksirvitalnosti.com\/hu\/wp-json\/wp\/v2\/product\/11607","targetHints":{"allow":["GET"]}}],"collection":[{"href":"https:\/\/eliksirvitalnosti.com\/hu\/wp-json\/wp\/v2\/product"}],"about":[{"href":"https:\/\/eliksirvitalnosti.com\/hu\/wp-json\/wp\/v2\/types\/product"}],"replies":[{"embeddable":true,"href":"https:\/\/eliksirvitalnosti.com\/hu\/wp-json\/wp\/v2\/comments?post=11607"}],"version-history":[{"count":0,"href":"https:\/\/eliksirvitalnosti.com\/hu\/wp-json\/wp\/v2\/product\/11607\/revisions"}],"wp:featuredmedia":[{"embeddable":true,"href":"https:\/\/eliksirvitalnosti.com\/hu\/wp-json\/wp\/v2\/media\/14719"}],"wp:attachment":[{"href":"https:\/\/eliksirvitalnosti.com\/hu\/wp-json\/wp\/v2\/media?parent=11607"}],"wp:term":[{"taxonomy":"product_brand","embeddable":true,"href":"https:\/\/eliksirvitalnosti.com\/hu\/wp-json\/wp\/v2\/product_brand?post=11607"},{"taxonomy":"product_cat","embeddable":true,"href":"https:\/\/eliksirvitalnosti.com\/hu\/wp-json\/wp\/v2\/product_cat?post=11607"},{"taxonomy":"product_tag","embeddable":true,"href":"https:\/\/eliksirvitalnosti.com\/hu\/wp-json\/wp\/v2\/product_tag?post=11607"}],"curies":[{"name":"wp","href":"https:\/\/api.w.org\/{rel}","templated":true}]}}