{"id":11715,"date":"2025-03-15T14:34:29","date_gmt":"2025-03-15T14:34:29","guid":{"rendered":"https:\/\/eliksirvitalnosti.com\/?post_type=product&#038;p=11715"},"modified":"2026-04-02T14:05:16","modified_gmt":"2026-04-02T14:05:16","slug":"ero-csomag","status":"publish","type":"product","link":"https:\/\/eliksirvitalnosti.com\/hu\/proizvod\/ero-csomag\/","title":{"rendered":"Er\u0151 csomag"},"content":{"rendered":"","protected":false},"excerpt":{"rendered":"<p>A csomag tartalma:<br \/>\n1 x Z\u00f6ld \u00e1rpal\u00e9<br \/>\n1 x Natural Adrenal Balance csomag<\/p>\n","protected":false},"featured_media":18842,"comment_status":"open","ping_status":"closed","template":"","meta":{"_acf_changed":false},"product_brand":[],"product_cat":[403],"product_tag":[415,388,418,417,413,414,384,386,416,394],"class_list":{"0":"post-11715","1":"product","2":"type-product","3":"status-publish","4":"has-post-thumbnail","6":"product_cat-csomagok","7":"product_tag-a-csontok-erositese-hu","8":"product_tag-a-verkep-korrekcioja","9":"product_tag-emeli-a-hemoglobint","10":"product_tag-emeli-a-vasat-a-verben","11":"product_tag-energiat-ad","12":"product_tag-erositi-az-izuleteket","13":"product_tag-javitja-az-emesztest","14":"product_tag-meregtelenites-hu","15":"product_tag-normalizalja-az-eritrocitakat-hu","16":"product_tag-szivmukodes-hu","18":"first","19":"outofstock","20":"sale","21":"shipping-taxable","22":"purchasable","23":"product-type-simple"},"acf":[],"_links":{"self":[{"href":"https:\/\/eliksirvitalnosti.com\/hu\/wp-json\/wp\/v2\/product\/11715","targetHints":{"allow":["GET"]}}],"collection":[{"href":"https:\/\/eliksirvitalnosti.com\/hu\/wp-json\/wp\/v2\/product"}],"about":[{"href":"https:\/\/eliksirvitalnosti.com\/hu\/wp-json\/wp\/v2\/types\/product"}],"replies":[{"embeddable":true,"href":"https:\/\/eliksirvitalnosti.com\/hu\/wp-json\/wp\/v2\/comments?post=11715"}],"version-history":[{"count":0,"href":"https:\/\/eliksirvitalnosti.com\/hu\/wp-json\/wp\/v2\/product\/11715\/revisions"}],"wp:featuredmedia":[{"embeddable":true,"href":"https:\/\/eliksirvitalnosti.com\/hu\/wp-json\/wp\/v2\/media\/18842"}],"wp:attachment":[{"href":"https:\/\/eliksirvitalnosti.com\/hu\/wp-json\/wp\/v2\/media?parent=11715"}],"wp:term":[{"taxonomy":"product_brand","embeddable":true,"href":"https:\/\/eliksirvitalnosti.com\/hu\/wp-json\/wp\/v2\/product_brand?post=11715"},{"taxonomy":"product_cat","embeddable":true,"href":"https:\/\/eliksirvitalnosti.com\/hu\/wp-json\/wp\/v2\/product_cat?post=11715"},{"taxonomy":"product_tag","embeddable":true,"href":"https:\/\/eliksirvitalnosti.com\/hu\/wp-json\/wp\/v2\/product_tag?post=11715"}],"curies":[{"name":"wp","href":"https:\/\/api.w.org\/{rel}","templated":true}]}}