{"id":13648,"date":"2025-05-14T10:38:37","date_gmt":"2025-05-14T10:38:37","guid":{"rendered":"https:\/\/eliksirvitalnosti.com\/proizvod\/zelena-fuzija-paket\/"},"modified":"2026-03-23T22:12:02","modified_gmt":"2026-03-23T22:12:02","slug":"zold-fuzio-csomag","status":"publish","type":"product","link":"https:\/\/eliksirvitalnosti.com\/hu\/proizvod\/zold-fuzio-csomag\/","title":{"rendered":"Z\u00f6ld f\u00fazi\u00f3 csomag"},"content":{"rendered":"<p data-start=\"82\" data-end=\"105\"><strong data-start=\"82\" data-end=\"105\">T\u00f6nk\u00f6lyb\u00faza z\u00f6ld l\u00e9<\/strong><\/p>\n<p data-start=\"107\" data-end=\"481\">A t\u00f6nk\u00f6lyb\u00faza z\u00f6ld l\u00e9 egy term\u00e9szetes term\u00e9k, amely magas klorofill-, enzim- \u00e9s antioxid\u00e1ns-tartalommal rendelkezik. Ide\u00e1lis eszk\u00f6z a szervezet m\u00e9regtelen\u00edt\u00e9s\u00e9re, az immunrendszer t\u00e1mogat\u00e1s\u00e1ra, a szervezet l\u00fagos\u00edt\u00e1s\u00e1ra \u00e9s a hormon\u00e1lis egyens\u00faly helyre\u00e1ll\u00edt\u00e1s\u00e1ra. A t\u00f6nk\u00f6lyb\u00faza emellett rendk\u00edv\u00fcl hasznos az energiah\u00e1ztart\u00e1s jav\u00edt\u00e1s\u00e1ban \u00e9s az oxidat\u00edv stressz cs\u00f6kkent\u00e9s\u00e9ben.<\/p>\n<p data-start=\"483\" data-end=\"526\"><strong data-start=\"483\" data-end=\"526\">A t\u00f6nk\u00f6lyb\u00faza z\u00f6ld l\u00e9 alapvet\u0151 el\u0151nyei:<\/strong><\/p>\n<ul data-start=\"528\" data-end=\"680\">\n<li data-start=\"528\" data-end=\"558\">\n<p data-start=\"530\" data-end=\"558\">Az immunrendszer er\u0151s\u00edt\u00e9se<\/p>\n<\/li>\n<li data-start=\"559\" data-end=\"614\">\n<p data-start=\"561\" data-end=\"614\">A gyullad\u00e1sos folyamatok cs\u00f6kkent\u00e9se a szervezetben<\/p>\n<\/li>\n<li data-start=\"615\" data-end=\"680\">\n<p data-start=\"617\" data-end=\"680\">A hormon\u00e1lis egyens\u00faly helyre\u00e1ll\u00edt\u00e1sa \u00e9s a szervezet l\u00fagos\u00edt\u00e1sa<\/p>\n<\/li>\n<\/ul>\n<p data-start=\"682\" data-end=\"700\"><strong data-start=\"682\" data-end=\"700\">\u00c1rpaf\u0171 z\u00f6ld l\u00e9<\/strong><\/p>\n<p data-start=\"702\" data-end=\"1031\">Az \u00e1rpaf\u0171 z\u00f6ld l\u00e9 rostokban, \u00e1sv\u00e1nyi anyagokban \u00e9s vitaminokban gazdag, amelyek seg\u00edtik a m\u00e9regtelen\u00edt\u00e9st \u00e9s az immunrendszer er\u0151s\u00edt\u00e9s\u00e9t. Az \u00e1rpa ismert antioxid\u00e1ns hat\u00e1s\u00e1r\u00f3l, a gyullad\u00e1sok cs\u00f6kkent\u00e9s\u00e9r\u0151l \u00e9s a sz\u00edv eg\u00e9szs\u00e9g\u00e9nek t\u00e1mogat\u00e1s\u00e1r\u00f3l. Emellett t\u00f6k\u00e9letes a koleszterinszint cs\u00f6kkent\u00e9s\u00e9re \u00e9s a v\u00e9rcukorszint szab\u00e1lyoz\u00e1s\u00e1ra.<\/p>\n<p data-start=\"1033\" data-end=\"1072\"><strong data-start=\"1033\" data-end=\"1072\">Az \u00e1rpaf\u0171 z\u00f6ld l\u00e9 alapvet\u0151 el\u0151nyei:<\/strong><\/p>\n<ul data-start=\"1074\" data-end=\"1258\">\n<li data-start=\"1074\" data-end=\"1121\">\n<p data-start=\"1076\" data-end=\"1121\">V\u00e9rszeg\u00e9nys\u00e9g kezel\u00e9se \u00e9s a v\u00e9rk\u00e9p jav\u00edt\u00e1sa<\/p>\n<\/li>\n<li data-start=\"1122\" data-end=\"1153\">\n<p data-start=\"1124\" data-end=\"1153\">A szervezet m\u00e9regtelen\u00edt\u00e9se<\/p>\n<\/li>\n<li data-start=\"1154\" data-end=\"1235\">\n<p data-start=\"1156\" data-end=\"1235\">T\u00e1mogat\u00e1s az \u00edz\u00fcletek \u00e9s inak sz\u00e1m\u00e1ra, gyullad\u00e1sok cs\u00f6kkent\u00e9se az \u00edz\u00fcletekben<\/p>\n<\/li>\n<li data-start=\"1236\" data-end=\"1258\">\n<p data-start=\"1238\" data-end=\"1258\">Az em\u00e9szt\u00e9s jav\u00edt\u00e1sa<\/p>\n<\/li>\n<\/ul>\n<p>A T\u00f6nk\u00f6lyb\u00faza z\u00f6ld l\u00e9 \u00e9s az \u00c1rpa z\u00f6ld l\u00e9 csomag t\u00f6k\u00e9letes m\u00f3dja annak, hogy term\u00e9szetes \u00e9s hat\u00e9kony m\u00f3don gazdag\u00edtsa \u00e9trendj\u00e9t. Haszn\u00e1lja ki e k\u00e9t er\u0151teljes z\u00f6ld l\u00e9 szinergi\u00e1j\u00e1t, \u00e9s biztos\u00edtson szervezet\u00e9nek mindent, amire az optim\u00e1lis m\u0171k\u00f6d\u00e9shez sz\u00fcks\u00e9ge van. Rendelje meg most, \u00e9s ny\u00fajtson test\u00e9nek term\u00e9szetes v\u00e9delmet \u00e9s energi\u00e1t!<\/p>\n","protected":false},"excerpt":{"rendered":"<p class=\"\" data-start=\"78\" data-end=\"139\">A csomag tartalma:<br \/>\n1 x Z\u00f6ld t\u00f6nk\u00f6lyb\u00fazaf\u0171l\u00e9<br \/>\n1 x Z\u00f6ld \u00e1rpaf\u0171l\u00e9<\/p>\n<p class=\"\" data-start=\"270\" data-end=\"380\">Ez a csomag k\u00e9t kulcsfontoss\u00e1g\u00fa term\u00e9k\u00fcnket tartalmazza: t\u00f6nk\u00f6lyb\u00faza z\u00f6ld levet \u00e9s \u00e1rpaf\u0171 z\u00f6ld levet.<br data-start=\"157\" data-end=\"160\" \/>Mindk\u00e9t term\u00e9k gazdag t\u00e1panyagokban, amelyek seg\u00edtenek az immunrendszer meg\u0151rz\u00e9s\u00e9ben, a szervezet m\u00e9regtelen\u00edt\u00e9s\u00e9ben \u00e9s az energiah\u00e1ztart\u00e1s helyre\u00e1ll\u00edt\u00e1s\u00e1ban.<\/p>\n","protected":false},"featured_media":18840,"comment_status":"open","ping_status":"closed","template":"","meta":{"_acf_changed":false},"product_brand":[],"product_cat":[403],"product_tag":[],"class_list":{"0":"post-13648","1":"product","2":"type-product","3":"status-publish","4":"has-post-thumbnail","6":"product_cat-csomagok","8":"first","9":"instock","10":"sale","11":"shipping-taxable","12":"purchasable","13":"product-type-simple"},"acf":[],"_links":{"self":[{"href":"https:\/\/eliksirvitalnosti.com\/hu\/wp-json\/wp\/v2\/product\/13648","targetHints":{"allow":["GET"]}}],"collection":[{"href":"https:\/\/eliksirvitalnosti.com\/hu\/wp-json\/wp\/v2\/product"}],"about":[{"href":"https:\/\/eliksirvitalnosti.com\/hu\/wp-json\/wp\/v2\/types\/product"}],"replies":[{"embeddable":true,"href":"https:\/\/eliksirvitalnosti.com\/hu\/wp-json\/wp\/v2\/comments?post=13648"}],"version-history":[{"count":0,"href":"https:\/\/eliksirvitalnosti.com\/hu\/wp-json\/wp\/v2\/product\/13648\/revisions"}],"wp:featuredmedia":[{"embeddable":true,"href":"https:\/\/eliksirvitalnosti.com\/hu\/wp-json\/wp\/v2\/media\/18840"}],"wp:attachment":[{"href":"https:\/\/eliksirvitalnosti.com\/hu\/wp-json\/wp\/v2\/media?parent=13648"}],"wp:term":[{"taxonomy":"product_brand","embeddable":true,"href":"https:\/\/eliksirvitalnosti.com\/hu\/wp-json\/wp\/v2\/product_brand?post=13648"},{"taxonomy":"product_cat","embeddable":true,"href":"https:\/\/eliksirvitalnosti.com\/hu\/wp-json\/wp\/v2\/product_cat?post=13648"},{"taxonomy":"product_tag","embeddable":true,"href":"https:\/\/eliksirvitalnosti.com\/hu\/wp-json\/wp\/v2\/product_tag?post=13648"}],"curies":[{"name":"wp","href":"https:\/\/api.w.org\/{rel}","templated":true}]}}