{"id":15213,"date":"2025-06-17T13:15:10","date_gmt":"2025-06-17T13:15:10","guid":{"rendered":"https:\/\/eliksirvitalnosti.com\/?post_type=product&#038;p=15213"},"modified":"2026-03-23T22:12:03","modified_gmt":"2026-03-23T22:12:03","slug":"emesztesi-nyugalom-csomag","status":"publish","type":"product","link":"https:\/\/eliksirvitalnosti.com\/hu\/proizvod\/emesztesi-nyugalom-csomag\/","title":{"rendered":"Em\u00e9szt\u00e9si Nyugalom Csomag"},"content":{"rendered":"<h3 data-start=\"69\" data-end=\"116\"><strong data-start=\"73\" data-end=\"116\">Nemet Z\u00f6ld Levek \u2013 Kapor \u00e9s \u00c1rpa Csomag<\/strong><\/h3>\n<h3 data-start=\"118\" data-end=\"158\">Teljes k\u00f6r\u0171 t\u00e1mogat\u00e1s az eg\u00e9szs\u00e9g\u00e9rt<\/h3>\n<hr data-start=\"160\" data-end=\"163\" \/>\n<h3 data-start=\"165\" data-end=\"181\"><strong data-start=\"169\" data-end=\"181\">Kaporml\u00e9<\/strong><\/h3>\n<p data-start=\"183\" data-end=\"471\">A kaporml\u00e9 hidegen pr\u00e9selt ital, amely az \u0151si kaporfajta (<em data-start=\"241\" data-end=\"261\">Anethum graveolens<\/em>) friss hajt\u00e1saib\u00f3l k\u00e9sz\u00fcl, amely m\u00e9g ma is megtal\u00e1lhat\u00f3 a term\u00e9szetben a F\u00f6ldk\u00f6zi-tenger keleti r\u00e9sz\u00e9n. A levelek, vir\u00e1gok \u00e9s magvak tart\u00f3s\u00edt\u00f3szer, cukor vagy sz\u00ednez\u00e9k hozz\u00e1ad\u00e1sa n\u00e9lk\u00fcl ker\u00fclnek feldolgoz\u00e1sra.<\/p>\n<h4 data-start=\"473\" data-end=\"502\">A kaporml\u00e9 f\u0151bb el\u0151nyei:<\/h4>\n<ul>\n<li data-start=\"506\" data-end=\"557\">Em\u00e9szt\u00e9s, \u00e9tv\u00e1gy \u00e9s \u00e1ltal\u00e1nos anyagcsere jav\u00edt\u00e1sa<\/li>\n<li data-start=\"560\" data-end=\"609\">V\u00e9rcukorszint szab\u00e1lyoz\u00e1sa (inzulin t\u00e1mogat\u00e1sa)<\/li>\n<li data-start=\"612\" data-end=\"671\">Puffad\u00e1s, h\u00e1ny\u00e1s, \u00e1lmatlans\u00e1g \u00e9s ingerl\u00e9kenys\u00e9g enyh\u00edt\u00e9se<\/li>\n<li data-start=\"674\" data-end=\"733\">Hormonh\u00e1ztart\u00e1s kiegyens\u00falyoz\u00e1sa \u00e9s energiaszint n\u00f6vel\u00e9se<\/li>\n<li data-start=\"736\" data-end=\"785\">Koleszterinszint cs\u00f6kkent\u00e9se \u00e9s v\u00e9rh\u00edg\u00edt\u00f3 hat\u00e1s<\/li>\n<li data-start=\"788\" data-end=\"819\">Sz\u00edv- \u00e9s agyv\u00e9rz\u00e9s megel\u0151z\u00e9se<\/li>\n<li data-start=\"822\" data-end=\"883\">Seg\u00edts\u00e9g <em data-start=\"831\" data-end=\"852\">Helicobacter pylori<\/em> \u00e9s Candida fert\u0151z\u00e9sek eset\u00e9n<\/li>\n<li data-start=\"886\" data-end=\"972\">T\u00e1mogat\u00e1s az 1-es \u00e9s 2-es t\u00edpus\u00fa cukorbetegs\u00e9g kezel\u00e9s\u00e9ben (k\u00fcl\u00f6n\u00f6sen a 2-es t\u00edpusn\u00e1l)<\/li>\n<\/ul>\n<hr data-start=\"974\" data-end=\"977\" \/>\n<h3 data-start=\"979\" data-end=\"993\"><strong data-start=\"983\" data-end=\"993\">\u00c1rpal\u00e9<\/strong><\/h3>\n<p data-start=\"995\" data-end=\"1357\">Az \u00e1rpal\u00e9 rostban, \u00e1sv\u00e1nyi anyagokban \u00e9s vitaminokban gazdag term\u00e9szetes ital, amely seg\u00edti a szervezet m\u00e9regtelen\u00edt\u00e9s\u00e9t \u00e9s er\u0151s\u00edti az immunrendszert. Az \u00e1rpa j\u00f3l ismert antioxid\u00e1ns hat\u00e1s\u00e1r\u00f3l, gyullad\u00e1scs\u00f6kkent\u0151 tulajdons\u00e1gair\u00f3l, valamint a sz\u00edv- \u00e9s \u00e9rrendszer t\u00e1mogat\u00e1s\u00e1r\u00f3l. Emellett t\u00f6k\u00e9letes a koleszterinszint cs\u00f6kkent\u00e9s\u00e9re \u00e9s a v\u00e9rcukorszint szab\u00e1lyoz\u00e1s\u00e1ra.<\/p>\n<h4 data-start=\"1359\" data-end=\"1387\">Az \u00e1rpal\u00e9 f\u0151bb el\u0151nyei:<\/h4>\n<ul>\n<li data-start=\"1391\" data-end=\"1436\">V\u00e9rszeg\u00e9nys\u00e9g kezel\u00e9se \u00e9s a v\u00e9rk\u00e9p jav\u00edt\u00e1sa<\/li>\n<li data-start=\"1439\" data-end=\"1466\">Szervezet m\u00e9regtelen\u00edt\u00e9se<\/li>\n<li data-start=\"1469\" data-end=\"1523\">\u00cdz\u00fcletek \u00e9s inak t\u00e1mogat\u00e1sa, gyullad\u00e1sok cs\u00f6kkent\u00e9se<\/li>\n<li data-start=\"1526\" data-end=\"1545\">Em\u00e9szt\u00e9s serkent\u00e9se<\/li>\n<\/ul>\n<hr data-start=\"1547\" data-end=\"1550\" \/>\n<h3 data-start=\"1552\" data-end=\"1594\"><strong data-start=\"1556\" data-end=\"1594\">T\u00f6k\u00e9letes kombin\u00e1ci\u00f3 az \u00e9leter\u0151\u00e9rt<\/strong><\/h3>\n<p data-start=\"1596\" data-end=\"1845\">A <strong data-start=\"1598\" data-end=\"1629\">Kapor \u00e9s \u00c1rpa Z\u00f6ldl\u00e9 Csomag<\/strong> t\u00f6k\u00e9letes m\u00f3dja annak, hogy term\u00e9szetes \u00e9s hat\u00e9kony m\u00f3don gazdag\u00edtsd a t\u00e1pl\u00e1lkoz\u00e1sodat. Haszn\u00e1ld ki e k\u00e9t er\u0151teljes z\u00f6ldl\u00e9 szinergi\u00e1j\u00e1t, \u00e9s add meg szervezetednek mindazt, amire sz\u00fcks\u00e9ge van az optim\u00e1lis m\u0171k\u00f6d\u00e9shez.<\/p>\n<p data-start=\"1847\" data-end=\"1928\">\ud83d\udc49 <strong data-start=\"1850\" data-end=\"1870\">Rendeld meg most<\/strong>, \u00e9s add meg testednek a term\u00e9szetes v\u00e9delmet \u00e9s energi\u00e1t!<\/p>\n","protected":false},"excerpt":{"rendered":"<p data-start=\"57\" data-end=\"105\"><strong data-start=\"57\" data-end=\"79\">A csomag tartalma:<\/strong><br data-start=\"79\" data-end=\"82\" \/>1\u00d7 Kaporml\u00e9<br data-start=\"93\" data-end=\"96\" \/>1\u00d7 \u00c1rpal\u00e9<\/p>\n<p data-start=\"107\" data-end=\"315\">A kapor antibakteri\u00e1lis \u00e9s gombaellenes hat\u00e1s\u00fa, m\u00edg az \u00e1rpa l\u00fagos\u00edtja a szervezetet, serkenti a m\u00e9regtelen\u00edt\u00e9st, \u00e9s helyre\u00e1ll\u00edtja a b\u00e9lfl\u00f3r\u00e1t magas enzim-, klorofill- \u00e9s \u00e1sv\u00e1nyianyag-tartalm\u00e1nak k\u00f6sz\u00f6nhet\u0151en.<\/p>\n","protected":false},"featured_media":18834,"comment_status":"open","ping_status":"closed","template":"","meta":{"_acf_changed":false},"product_brand":[],"product_cat":[403],"product_tag":[],"class_list":{"0":"post-15213","1":"product","2":"type-product","3":"status-publish","4":"has-post-thumbnail","6":"product_cat-csomagok","8":"first","9":"outofstock","10":"sale","11":"shipping-taxable","12":"purchasable","13":"product-type-simple"},"acf":[],"_links":{"self":[{"href":"https:\/\/eliksirvitalnosti.com\/hu\/wp-json\/wp\/v2\/product\/15213","targetHints":{"allow":["GET"]}}],"collection":[{"href":"https:\/\/eliksirvitalnosti.com\/hu\/wp-json\/wp\/v2\/product"}],"about":[{"href":"https:\/\/eliksirvitalnosti.com\/hu\/wp-json\/wp\/v2\/types\/product"}],"replies":[{"embeddable":true,"href":"https:\/\/eliksirvitalnosti.com\/hu\/wp-json\/wp\/v2\/comments?post=15213"}],"version-history":[{"count":0,"href":"https:\/\/eliksirvitalnosti.com\/hu\/wp-json\/wp\/v2\/product\/15213\/revisions"}],"wp:featuredmedia":[{"embeddable":true,"href":"https:\/\/eliksirvitalnosti.com\/hu\/wp-json\/wp\/v2\/media\/18834"}],"wp:attachment":[{"href":"https:\/\/eliksirvitalnosti.com\/hu\/wp-json\/wp\/v2\/media?parent=15213"}],"wp:term":[{"taxonomy":"product_brand","embeddable":true,"href":"https:\/\/eliksirvitalnosti.com\/hu\/wp-json\/wp\/v2\/product_brand?post=15213"},{"taxonomy":"product_cat","embeddable":true,"href":"https:\/\/eliksirvitalnosti.com\/hu\/wp-json\/wp\/v2\/product_cat?post=15213"},{"taxonomy":"product_tag","embeddable":true,"href":"https:\/\/eliksirvitalnosti.com\/hu\/wp-json\/wp\/v2\/product_tag?post=15213"}],"curies":[{"name":"wp","href":"https:\/\/api.w.org\/{rel}","templated":true}]}}