{"id":15236,"date":"2025-06-17T14:47:46","date_gmt":"2025-06-17T14:47:46","guid":{"rendered":"https:\/\/eliksirvitalnosti.com\/?post_type=product&#038;p=15236"},"modified":"2026-04-02T13:25:56","modified_gmt":"2026-04-02T13:25:56","slug":"termeszetes-terapia-csomag","status":"publish","type":"product","link":"https:\/\/eliksirvitalnosti.com\/hu\/proizvod\/termeszetes-terapia-csomag\/","title":{"rendered":"Term\u00e9szetes ter\u00e1pi\u00e1s csomag"},"content":{"rendered":"<h2 data-start=\"153\" data-end=\"205\"><strong data-start=\"155\" data-end=\"203\">Zeleni sokovi Nemet \u2013 Kapor-, \u00e1rpa- \u00e9s t\u00f6nk\u00f6lycsomag<\/strong><\/h2>\n<h3 data-start=\"206\" data-end=\"244\"><em data-start=\"210\" data-end=\"244\">Teljes k\u00f6r\u0171 t\u00e1mogat\u00e1s az eg\u00e9szs\u00e9gednek <\/em><\/h3>\n<p data-start=\"206\" data-end=\"244\"><em data-start=\"210\" data-end=\"244\">A <strong data-start=\"755\" data-end=\"782\">Term\u00e9szetes ter\u00e1pi\u00e1s csomag<\/strong> gondosan \u00f6ssze\u00e1ll\u00edtott z\u00f6ldlevek kombin\u00e1ci\u00f3ja, amely m\u00e9lyrehat\u00f3an hat \u2013 m\u00e9regtelen\u00edt\u00e9sre, a hormonok egyens\u00faly\u00e1ra \u00e9s regener\u00e1ci\u00f3ra.<\/em><\/p>\n<hr data-start=\"246\" data-end=\"249\">\n<h2 data-start=\"251\" data-end=\"280\"><strong data-start=\"254\" data-end=\"280\">Z\u00f6ld Kaporl\u00e9<\/strong><\/h2>\n<p data-start=\"282\" data-end=\"544\">A z\u00f6ld kaporl\u00e9 egy hidegen sajtolt n\u00f6v\u00e9nyi l\u00e9, amely egy \u0151si kaporfajt\u00e1b\u00f3l (Anethum graveolens) k\u00e9sz\u00fcl, \u00e9s ma is megtal\u00e1lhat\u00f3 a vadonban, f\u0151k\u00e9nt a F\u00f6ldk\u00f6zi-tenger keleti t\u00e9rs\u00e9g\u00e9ben. A kapor leveleit, vir\u00e1gait \u00e9s magjait tart\u00f3s\u00edt\u00f3szerek, cukor \u00e9s sz\u00ednez\u00e9kek hozz\u00e1ad\u00e1sa n\u00e9lk\u00fcl pr\u00e9selik. <\/p>\n<p><strong data-start=\"550\" data-end=\"597\">A kaporl\u00e9 alapvet\u0151 el\u0151nyei:<\/strong><\/p>\n<ul>\n<li data-start=\"601\" data-end=\"652\">Az em\u00e9szt\u00e9s, az \u00e9tv\u00e1gy \u00e9s az \u00e1ltal\u00e1nos anyagcsere jav\u00edt\u00e1sa<\/li>\n<li data-start=\"655\" data-end=\"706\">A v\u00e9rcukorszint szab\u00e1lyoz\u00e1sa (inzulint\u00e1mogat\u00e1s)<\/li>\n<li data-start=\"709\" data-end=\"772\">A puffad\u00e1s, h\u00e1ny\u00e1s, \u00e1lmatlans\u00e1g \u00e9s ingerl\u00e9kenys\u00e9g enyh\u00edt\u00e9se<\/li>\n<li data-start=\"775\" data-end=\"818\">Hormonh\u00e1ztart\u00e1s kiegyens\u00falyoz\u00e1sa \u00e9s energiaszint n\u00f6vel\u00e9se<\/li>\n<li data-start=\"821\" data-end=\"864\">Koleszterinszint cs\u00f6kkent\u00e9se \u00e9s a v\u00e9r \u201eh\u00edg\u00edt\u00e1sa\u201d<\/li>\n<li data-start=\"867\" data-end=\"904\">Sz\u00edv- \u00e9s agyi \u00e9rkatasztr\u00f3fa megel\u0151z\u00e9se<\/li>\n<li data-start=\"907\" data-end=\"971\">Seg\u00edts\u00e9g <em data-start=\"937\" data-end=\"958\">Helicobacter pylori<\/em> \u00e9s Candida okozta fert\u0151z\u00e9sek eset\u00e9n<\/li>\n<li data-start=\"974\" data-end=\"1035\">T\u00e1mogat\u00e1s az 1-es \u00e9s 2-es t\u00edpus\u00fa cukorbetegs\u00e9g ter\u00e1pi\u00e1j\u00e1ban (k\u00fcl\u00f6n\u00f6sen 2-es t\u00edpusn\u00e1l)<\/li>\n<\/ul>\n<hr data-start=\"1037\" data-end=\"1040\">\n<h2><strong>Z\u00f6ld \u00e1rpal\u00e9<\/strong><u><\/u><u><\/u><\/h2>\n<p>A z\u00f6ld \u00e1rpaf\u0171l\u00e9 kiv\u00e1l\u00f3 forr\u00e1sa a <strong>rostoknak, \u00e1sv\u00e1nyi anyagoknak \u00e9s vitaminoknak<\/strong>, amelyek t\u00e1mogatj\u00e1k a szervezet <strong>term\u00e9szetes tisztul\u00e1si folyamatait \u00e9s az immunrendszer m\u0171k\u00f6d\u00e9s\u00e9t<\/strong>.<br \/>Az \u00e1rpaf\u0171 antioxid\u00e1ns tulajdons\u00e1gair\u00f3l ismert, \u00e9s hozz\u00e1j\u00e1rulhat <strong>a gyullad\u00e1sos folyamatok m\u00e9rs\u00e9kl\u00e9s\u00e9hez<\/strong>, valamint<strong> a sz\u00edv eg\u00e9szs\u00e9g\u00e9nek t\u00e1mogat\u00e1s\u00e1hoz<\/strong>. Emellett t\u00e1mogathatja <strong>a koleszterinszint \u00e9s a v\u00e9rcukorszint kiegyens\u00falyozott m\u0171k\u00f6d\u00e9s\u00e9t<\/strong>.  <u><\/u><u><\/u><\/p>\n<p><strong>A z\u00f6ld \u00e1rpaf\u0171l\u00e9 alapvet\u0151 el\u0151nyei:<\/strong><u><\/u><u><\/u><\/p>\n<ul>\n<li><strong>V\u00e9rszeg\u00e9nys\u00e9g kezel\u00e9se<\/strong> \u00e9s a v\u00e9rk\u00e9p jav\u00edt\u00e1sa<u><\/u><u><\/u><\/li>\n<li><strong>A test m\u00e9regtelen\u00edt\u00e9se<\/strong><u><\/u><u><\/u><\/li>\n<li><strong>T\u00e1mogat\u00e1s az \u00edz\u00fcleteknek \u00e9s inaknak<\/strong>, az \u00edz\u00fcleti gyullad\u00e1sok cs\u00f6kkent\u00e9se<u><\/u><u><\/u><\/li>\n<li><strong>Az em\u00e9szt\u00e9s jav\u00edt\u00e1sa<\/strong><\/li>\n<\/ul>\n<hr data-start=\"1037\" data-end=\"1040\">\n<h2><strong data-start=\"1045\" data-end=\"1068\">Z\u00f6ld T\u00f6nk\u00f6lyb\u00fazaf\u0171l\u00e9<\/strong><\/h2>\n<p>A z\u00f6ld t\u00f6nk\u00f6lyb\u00fazaf\u0171l\u00e9 egy term\u00e9szetes \u00e9trend-kieg\u00e9sz\u00edt\u0151, amely gazdag <strong>klorofillban, enzimekben \u00e9s antioxid\u00e1nsokban<\/strong>. T\u00e1mogatja <strong>a szervezet term\u00e9szetes egyens\u00faly\u00e1t<\/strong>, hozz\u00e1j\u00e1rul <strong>az immunrendszer m\u0171k\u00f6d\u00e9s\u00e9hez<\/strong>, \u00e9s seg\u00edti a szervezet kiegyens\u00falyozott m\u0171k\u00f6d\u00e9s\u00e9t.<br \/>Emellett hozz\u00e1j\u00e1rulhat <strong>az energiaszint fenntart\u00e1s\u00e1hoz<\/strong> \u00e9s <strong>az oxidat\u00edv stressz m\u00e9rs\u00e9kl\u00e9s\u00e9hez<\/strong>.  <u><\/u><u><\/u><\/p>\n<p>A z\u00f6ld t\u00f6nk\u00f6lyb\u00fazaf\u0171l\u00e9 alapvet\u0151 el\u0151nyei:<u><\/u><u><\/u><\/p>\n<ul>\n<li><strong>Immunrendszer er\u0151s\u00edt\u00e9se<\/strong><u><\/u><u><\/u><\/li>\n<li><strong>Gyullad\u00e1sos folyamatok cs\u00f6kkent\u00e9se<\/strong> a szervezetben<u><\/u><u><\/u><\/li>\n<li><strong>Hormonok kiegyens\u00falyoz\u00e1sa<\/strong> \u00e9s a <strong>szervezet l\u00fagos\u00edt\u00e1sa<\/strong><\/li>\n<\/ul>\n<hr data-start=\"1563\" data-end=\"1566\">\n<h3><strong data-start=\"1571\" data-end=\"1608\">T\u00f6k\u00e9letes kombin\u00e1ci\u00f3 az \u00e9leter\u0151\u00e9rt<\/strong><\/h3>\n<p>A Term\u00e9szetes ter\u00e1pi\u00e1s csomag (z\u00f6ld kaporl\u00e9, z\u00f6ld \u00e1rpaf\u0171l\u00e9 \u00e9s z\u00f6ld t\u00f6nk\u00f6lyb\u00fazaf\u0171l\u00e9) <strong data-start=\"397\" data-end=\"421\">h\u00e1rmas t\u00e1mogat\u00e1st ny\u00fajt a szervezeted sz\u00e1m\u00e1ra \u2013 c\u00e9lzottan \u00e9s term\u00e9szetes m\u00f3don<\/strong>.<br \/>\nEz a gondosan \u00f6ssze\u00e1ll\u00edtott kombin\u00e1ci\u00f3 t\u00f6bb szinten t\u00e1mogatja a szervezet egyens\u00faly\u00e1t: hozz\u00e1j\u00e1rulhat <strong data-start=\"423\" data-end=\"450\">a v\u00e9rcukorszint kiegyens\u00falyozott m\u0171k\u00f6d\u00e9s\u00e9hez,<\/strong> a <strong data-start=\"453\" data-end=\"479\">hasny\u00e1lmirigy norm\u00e1l m\u0171k\u00f6d\u00e9s\u00e9nek t\u00e1mogat\u00e1s\u00e1hoz<\/strong>, valamint a <strong data-start=\"506\" data-end=\"524\">szervezet regener\u00e1ci\u00f3s folyamataihoz<\/strong>.<br \/>Emellett t\u00e1mogatja a gyullad\u00e1sos folyamatok egyens\u00faly\u00e1t \u00e9s seg\u00edti a fel\u00e9p\u00fcl\u00e9st megterhel\u0151 id\u0151szakok ut\u00e1n.<br \/>A hidegen pr\u00e9selt levek szinergikus hat\u00e1sa hozz\u00e1j\u00e1rul az <strong data-start=\"537\" data-end=\"564\">immunrendszer m\u0171k\u00f6d\u00e9s\u00e9hez, t\u00e1mogatja az em\u00e9szt\u00e9st, \u00e9s seg\u00edt fenntartani az energiaszinted \u00e9s a bels\u0151 egyens\u00falyodat<\/strong>.<br \/>Adal\u00e9kanyagok n\u00e9lk\u00fcl. Mesters\u00e9ges \u00f6sszetev\u0151k n\u00e9lk\u00fcl. Csak a n\u00f6v\u00e9nyek tiszta ereje \u2013 a mindennapi egyens\u00faly\u00e9rt.    <\/p>\n<p>\ud83d\udc49 Rendeld meg most, \u00e9s t\u00e1mogasd szervezeted term\u00e9szetes egyens\u00faly\u00e1t.<\/p>\n","protected":false},"excerpt":{"rendered":"<p><strong>A csomag tartalma:<\/strong><br \/>\n1\u00d7 Kaporl\u00e9<br \/>\n1\u00d7 \u00c1rpal\u00e9<br \/>\n1\u00d7 T\u00f6nk\u00f6lyl\u00e9<\/p>\n<p>A term\u00e9ket -18\u00b0C-on t\u00e1roljuk, \u00e9s speci\u00e1lis h\u0171t\u0151dobozban sz\u00e1ll\u00edtjuk.<\/p>\n<p><strong>Mi\u00e9rt hat\u00e1sos?<\/strong><br \/>\nEz a gondosan \u00f6ssze\u00e1ll\u00edtott h\u00e1rom z\u00f6ldl\u00e9 gyorsan \u00e9s m\u00e9lyrehat\u00f3an hat, mert nem csak egy<br \/>\nt\u00fcnetet kezel, hanem egyszerre t\u00f6bb kulcsfontoss\u00e1g\u00fa rendszert c\u00e9loz meg a testben:<\/p>\n<ul>\n<li>Endokrin<\/li>\n<li>V\u00e9rkering\u00e9si<\/li>\n<li>Em\u00e9szt\u0151rendszeri<\/li>\n<li>Immunrendszeri<\/li>\n<\/ul>\n<p>A szinergiahat\u00e1s fokozza a t\u00e1panyagok felsz\u00edv\u00f3d\u00e1s\u00e1t, enyh\u00edti a kr\u00f3nikus panaszokat, \u00e9s seg\u00edti a testet, hogy gyorsabban<br \/>\nfel\u00e9p\u00fclj\u00f6n \u00e9s visszanyerje egyens\u00faly\u00e1t \u2013 term\u00e9szetes m\u00f3don.<\/p>\n","protected":false},"featured_media":18832,"comment_status":"open","ping_status":"closed","template":"","meta":{"_acf_changed":false},"product_brand":[],"product_cat":[403],"product_tag":[],"class_list":{"0":"post-15236","1":"product","2":"type-product","3":"status-publish","4":"has-post-thumbnail","6":"product_cat-csomagok","8":"first","9":"outofstock","10":"sale","11":"shipping-taxable","12":"purchasable","13":"product-type-simple"},"acf":[],"_links":{"self":[{"href":"https:\/\/eliksirvitalnosti.com\/hu\/wp-json\/wp\/v2\/product\/15236","targetHints":{"allow":["GET"]}}],"collection":[{"href":"https:\/\/eliksirvitalnosti.com\/hu\/wp-json\/wp\/v2\/product"}],"about":[{"href":"https:\/\/eliksirvitalnosti.com\/hu\/wp-json\/wp\/v2\/types\/product"}],"replies":[{"embeddable":true,"href":"https:\/\/eliksirvitalnosti.com\/hu\/wp-json\/wp\/v2\/comments?post=15236"}],"version-history":[{"count":1,"href":"https:\/\/eliksirvitalnosti.com\/hu\/wp-json\/wp\/v2\/product\/15236\/revisions"}],"predecessor-version":[{"id":34148,"href":"https:\/\/eliksirvitalnosti.com\/hu\/wp-json\/wp\/v2\/product\/15236\/revisions\/34148"}],"wp:featuredmedia":[{"embeddable":true,"href":"https:\/\/eliksirvitalnosti.com\/hu\/wp-json\/wp\/v2\/media\/18832"}],"wp:attachment":[{"href":"https:\/\/eliksirvitalnosti.com\/hu\/wp-json\/wp\/v2\/media?parent=15236"}],"wp:term":[{"taxonomy":"product_brand","embeddable":true,"href":"https:\/\/eliksirvitalnosti.com\/hu\/wp-json\/wp\/v2\/product_brand?post=15236"},{"taxonomy":"product_cat","embeddable":true,"href":"https:\/\/eliksirvitalnosti.com\/hu\/wp-json\/wp\/v2\/product_cat?post=15236"},{"taxonomy":"product_tag","embeddable":true,"href":"https:\/\/eliksirvitalnosti.com\/hu\/wp-json\/wp\/v2\/product_tag?post=15236"}],"curies":[{"name":"wp","href":"https:\/\/api.w.org\/{rel}","templated":true}]}}