{"id":30275,"date":"2026-02-04T10:44:30","date_gmt":"2026-02-04T10:44:30","guid":{"rendered":"https:\/\/eliksirvitalnosti.com\/?post_type=product&#038;p=30275"},"modified":"2026-04-02T13:28:13","modified_gmt":"2026-04-02T13:28:13","slug":"kezdo-tamogatasi-csomag","status":"publish","type":"product","link":"https:\/\/eliksirvitalnosti.com\/hu\/proizvod\/kezdo-tamogatasi-csomag\/","title":{"rendered":"Kezd\u0151 t\u00e1mogat\u00e1s csomag"},"content":{"rendered":"<h2 data-start=\"153\" data-end=\"205\"><strong data-start=\"155\" data-end=\"203\">Zeleni sokovi Nemet \u2013 Kapor-, \u00e1rpa- \u00e9s t\u00f6nk\u00f6lycsomag<\/strong><\/h2>\n<h3 data-start=\"206\" data-end=\"244\"><em data-start=\"210\" data-end=\"244\">Teljes k\u00f6r\u0171 t\u00e1mogat\u00e1s az eg\u00e9szs\u00e9g\u00e9nek <\/em><\/h3>\n<p data-start=\"206\" data-end=\"244\"><em data-start=\"210\" data-end=\"244\">A <strong data-start=\"755\" data-end=\"782\">Term\u00e9szetes ter\u00e1pi\u00e1s csomag<\/strong> gondosan \u00f6ssze\u00e1ll\u00edtott z\u00f6ldlevek kombin\u00e1ci\u00f3ja, amely m\u00e9lyrehat\u00f3an hat \u2013 m\u00e9regtelen\u00edt\u00e9sre, a hormonok egyens\u00faly\u00e1ra \u00e9s regener\u00e1ci\u00f3ra.<\/em><\/p>\n<hr data-start=\"246\" data-end=\"249\">\n<h2 data-start=\"251\" data-end=\"280\"><strong data-start=\"254\" data-end=\"280\">Z\u00f6ld kaporl\u00e9<\/strong><\/h2>\n<p data-start=\"282\" data-end=\"544\">A z\u00f6ld kaporl\u00e9 egy hidegen sajtolt gy\u00fcm\u00f6lcsl\u00e9, amelyet egy \u0151si kaporfajt\u00e1b\u00f3l ( <em data-start=\"365\" data-end=\"385\"> Anethum graveolens<\/em>) k\u00e9sz\u00edtenek, amely ma is megtal\u00e1lhat\u00f3 a vadonban, a F\u00f6ldk\u00f6zi-tenger keleti orsz\u00e1gaiban. A kapor leveleit, vir\u00e1gait \u00e9s magjait tart\u00f3s\u00edt\u00f3szerek, cukor vagy sz\u00ednez\u00e9kek hozz\u00e1ad\u00e1sa n\u00e9lk\u00fcl pr\u00e9selik. <\/p>\n<p><strong data-start=\"550\" data-end=\"597\">A kapor z\u00f6ldl\u00e9 alapvet\u0151 el\u0151nyei:<\/strong><\/p>\n<ul>\n<li data-start=\"601\" data-end=\"652\">Az em\u00e9szt\u00e9s, az \u00e9tv\u00e1gy \u00e9s az \u00e1ltal\u00e1nos anyagcsere jav\u00edt\u00e1sa<\/li>\n<li data-start=\"655\" data-end=\"706\">A v\u00e9rcukorszint szab\u00e1lyoz\u00e1sa (inzulint\u00e1mogat\u00e1s)<\/li>\n<li data-start=\"709\" data-end=\"772\">A puffad\u00e1s, h\u00e1ny\u00e1s, \u00e1lmatlans\u00e1g \u00e9s ingerl\u00e9kenys\u00e9g enyh\u00edt\u00e9se<\/li>\n<li data-start=\"775\" data-end=\"818\">Hormonh\u00e1ztart\u00e1s kiegyens\u00falyoz\u00e1sa \u00e9s energiaszint n\u00f6vel\u00e9se<\/li>\n<li data-start=\"821\" data-end=\"864\">Koleszterinszint cs\u00f6kkent\u00e9se \u00e9s a v\u00e9r \u201eh\u00edg\u00edt\u00e1sa\u201d<\/li>\n<li data-start=\"867\" data-end=\"904\">Sz\u00edv- \u00e9s agyi \u00e9rkatasztr\u00f3fa megel\u0151z\u00e9se<\/li>\n<li data-start=\"907\" data-end=\"971\">Seg\u00edts\u00e9g <em data-start=\"937\" data-end=\"958\">Helicobacter pylori<\/em> \u00e9s Candida okozta fert\u0151z\u00e9sek eset\u00e9n<\/li>\n<li data-start=\"974\" data-end=\"1035\">T\u00e1mogat\u00e1s az 1-es \u00e9s 2-es t\u00edpus\u00fa cukorbetegs\u00e9g ter\u00e1pi\u00e1j\u00e1ban (k\u00fcl\u00f6n\u00f6sen 2-es t\u00edpusn\u00e1l)<\/li>\n<\/ul>\n<hr data-start=\"1037\" data-end=\"1040\">\n<h2><strong>Z\u00f6ld \u00e1rpal\u00e9<\/strong><u><\/u><u><\/u><\/h2>\n<p>A <strong>\u00e1rpa z\u00f6ldl\u00e9<\/strong> kiv\u00e1l\u00f3 forr\u00e1sa a <strong>rostoknak<\/strong>, <strong>\u00e1sv\u00e1nyi anyagoknak<\/strong> \u00e9s <strong>vitaminoknak<\/strong>, amelyek seg\u00edtik a <strong>m\u00e9regtelen\u00edt\u00e9st<\/strong> \u00e9s az <strong>immunrendszer er\u0151s\u00edt\u00e9s\u00e9t<\/strong>. Az \u00e1rpa ismert <g id=\"gid_6\">antioxid\u00e1ns hat\u00e1s\u00e1r\u00f3l<\/g>, az <g id=\"gid_7\">gyullad\u00e1s<\/g> cs\u00f6kkent\u00e9s\u00e9r\u0151l \u00e9s a <g id=\"gid_8\">sz\u00edv eg\u00e9szs\u00e9g\u00e9nek t\u00e1mogat\u00e1s\u00e1r\u00f3l<\/g>. T\u00f6k\u00e9letes tov\u00e1bb\u00e1 a <strong>koleszterinszint cs\u00f6kkent\u00e9s\u00e9re<\/strong> \u00e9s a <strong>v\u00e9rcukorszint szab\u00e1lyoz\u00e1s\u00e1ra<\/strong>.  <u><\/u><u><\/u><\/p>\n<p><strong>Az \u00e1rpa z\u00f6ldl\u00e9 alapvet\u0151 el\u0151nyei<\/strong>:<u><\/u><u><\/u><\/p>\n<ul>\n<li><strong>V\u00e9rszeg\u00e9nys\u00e9g kezel\u00e9se<\/strong> \u00e9s a v\u00e9rk\u00e9p jav\u00edt\u00e1sa<u><\/u><u><\/u><\/li>\n<li><strong>A test m\u00e9regtelen\u00edt\u00e9se<\/strong><u><\/u><u><\/u><\/li>\n<li><strong>T\u00e1mogat\u00e1s az \u00edz\u00fcleteknek \u00e9s inaknak<\/strong>, az \u00edz\u00fcleti gyullad\u00e1sok cs\u00f6kkent\u00e9se<u><\/u><u><\/u><\/li>\n<li><strong>Az em\u00e9szt\u00e9s jav\u00edt\u00e1sa<\/strong><\/li>\n<\/ul>\n<hr data-start=\"1037\" data-end=\"1040\">\n<h2><strong data-start=\"1045\" data-end=\"1068\">Z\u00f6ld t\u00f6nk\u00f6lyl\u00e9<\/strong><\/h2>\n<p>A <strong>t\u00f6nk\u00f6ly z\u00f6ldl\u00e9<\/strong> term\u00e9szetes term\u00e9k, amely magas szint\u0171 <strong>klorofilt<\/strong>, <strong>enzimeket<\/strong> \u00e9s <strong>antioxid\u00e1nsokat<\/strong> tartalmaz. Ide\u00e1lis <g id=\"gid_4\">a szervezet m\u00e9regtelen\u00edt\u00e9s\u00e9re<\/g>, <g id=\"gid_5\">az immunrendszer t\u00e1mogat\u00e1s\u00e1ra<\/g>, <g id=\"gid_6\">a szervezet l\u00fagos\u00edt\u00e1s\u00e1ra<\/g> \u00e9s <g id=\"gid_7\">a hormonok kiegyens\u00falyoz\u00e1s\u00e1ra<\/g>. A t\u00f6nk\u00f6ly emellett rendk\u00edv\u00fcl hasznos az <strong>energetikai egyens\u00faly jav\u00edt\u00e1s\u00e1ban<\/strong> \u00e9s az <strong>oxidat\u00edv stressz cs\u00f6kkent\u00e9s\u00e9ben<\/strong>.  <u><\/u><u><\/u><\/p>\n<p><strong>A t\u00f6nk\u00f6ly z\u00f6ldl\u00e9 alapvet\u0151 el\u0151nyei<\/strong>:<u><\/u><u><\/u><\/p>\n<ul>\n<li><strong>Immunrendszer er\u0151s\u00edt\u00e9se<\/strong><u><\/u><u><\/u><\/li>\n<li><strong>Gyullad\u00e1sos folyamatok cs\u00f6kkent\u00e9se<\/strong> a szervezetben<u><\/u><u><\/u><\/li>\n<li><strong>Hormonok kiegyens\u00falyoz\u00e1sa<\/strong> \u00e9s a <strong>szervezet l\u00fagos\u00edt\u00e1sa<\/strong><\/li>\n<\/ul>\n<hr data-start=\"1563\" data-end=\"1566\">\n<h3><strong data-start=\"1571\" data-end=\"1608\">T\u00f6k\u00e9letes kombin\u00e1ci\u00f3 az \u00e9leter\u0151\u00e9rt<\/strong><\/h3>\n<p>A Term\u00e9szetes ter\u00e1pi\u00e1s csomag (kapor-, \u00e1rpa- \u00e9s t\u00f6nk\u00f6ly z\u00f6ldl\u00e9) h\u00e1rmas t\u00e1mogat\u00e1st ny\u00fajt a szervezetnek \u2013 c\u00e9lzottan \u00e9s teljesen term\u00e9szetesen. Ez a gondosan \u00f6ssze\u00e1ll\u00edtott kombin\u00e1ci\u00f3 t\u00f6bb szinten hat: seg\u00edt a <strong data-start=\"397\" data-end=\"421\">1-es \u00e9s 2-es t\u00edpus\u00fa cukorbetegs\u00e9g<\/strong>, az <strong data-start=\"423\" data-end=\"450\">inzulinrezisztencia<\/strong> \u00e9s a <strong data-start=\"453\" data-end=\"479\">hasny\u00e1lmirigy regener\u00e1ci\u00f3ja<\/strong> eset\u00e9n, mik\u00f6zben enyh\u00edti a <strong data-start=\"506\" data-end=\"524\">kr\u00f3nikus gyullad\u00e1sokat<\/strong> \u00e9s hozz\u00e1j\u00e1rul a <strong data-start=\"537\" data-end=\"564\">kezel\u00e9sek ut\u00e1ni fel\u00e9p\u00fcl\u00e9shez<\/strong>.<br \/>\nA hidegen pr\u00e9selt levek szinergikus hat\u00e1sa er\u0151s\u00edti az immunrendszert, szab\u00e1lyozza a v\u00e9rcukorszintet, jav\u00edtja az em\u00e9szt\u00e9st, \u00e9s visszaadja a testnek az energi\u00e1t \u00e9s az egyens\u00falyt. Adal\u00e9kanyagok n\u00e9lk\u00fcl. Gy\u00f3gyszerek n\u00e9lk\u00fcl. Csak a n\u00f6v\u00e9nyek tiszta ereje \u2013 a bels\u0151 stabilit\u00e1s\u00e9rt \u00e9s eg\u00e9szs\u00e9g\u00e9rt.    <\/p>\n<p>\ud83d\udc49 Rendelje meg most, \u00e9s biztos\u00edtson test\u00e9nek term\u00e9szetes \u201eresetet\u201d \u00e9s meg\u00fajul\u00e1st.<\/p>\n","protected":false},"excerpt":{"rendered":"<p><b>A csomag tartalma:<\/b><\/p>\n<ul>\n<li style=\"font-weight: 400;\" aria-level=\"1\"><b>Spelta Life Balance \u2013 liofiliz\u00e1lt t\u00f6nk\u00f6lyb\u00fazaf\u0171-tablett\u00e1k omega-3-mal<\/b><br \/>\n<span style=\"font-weight: 400;\">Praktikus napi t\u00e1mogat\u00e1s a szervezeted sz\u00e1m\u00e1ra, z\u00f6ld t\u00f6nk\u00f6lyb\u00fazaf\u0171l\u00e9b\u0151l k\u00e9sz\u00edtve, liofiliz\u00e1l\u00e1si elj\u00e1r\u00e1ssal, a t\u00e1panyagok meg\u0151rz\u00e9se \u00e9rdek\u00e9ben.<\/span><\/li>\n<li style=\"font-weight: 400;\" aria-level=\"1\"><b>Roland Nemet k\u00f6nyve \u2013 \u201eHogyan gy\u0151zte le a t\u00f6nk\u00f6ly k\u00e9tszer a r\u00e1kot?\u201d<\/b><span style=\"font-weight: 400;\"><br \/>\n<\/span><span style=\"font-weight: 400;\">Egy k\u00f6nyv, amely m\u00e9lyebb betekint\u00e9st ny\u00fajt a t\u00f6nk\u00f6lyb\u00fazaf\u0171 erej\u00e9be, a szervezet egyens\u00faly\u00e1ra<br \/>gyakorolt hat\u00e1s\u00e1ba, valamint az eg\u00e9szs\u00e9ghez val\u00f3 tudatos hozz\u00e1\u00e1ll\u00e1s jelent\u0151s\u00e9g\u00e9be.<\/span><\/li>\n<\/ul>\n<p><span style=\"font-weight: 400;\">Ez a kombin\u00e1ci\u00f3 lehet\u0151v\u00e9 teszi, hogy egyszerre <\/span><b>t\u00e1mogasd a tested<\/b><span style=\"font-weight: 400;\"> \u00e9s <\/span><b>meg\u00e9rtsd azokat a folyamatokat<\/b><span style=\"font-weight: 400;\">, amelyek az eg\u00e9szs\u00e9ges szok\u00e1sok m\u00f6g\u00f6tt \u00e1llnak, er\u0151ltet\u00e9s \u00e9s r\u00f6vid t\u00e1v\u00fa megold\u00e1sok n\u00e9lk\u00fcl.<\/span><\/p>\n","protected":false},"featured_media":30282,"comment_status":"open","ping_status":"closed","template":"","meta":{"_acf_changed":false,"_hpay_column_layout":"0","_hpay_name_price":"0"},"product_brand":[],"product_cat":[403],"product_tag":[],"class_list":{"0":"post-30275","1":"product","2":"type-product","3":"status-publish","4":"has-post-thumbnail","6":"product_cat-csomagok","8":"first","9":"instock","10":"sale","11":"shipping-taxable","12":"purchasable","13":"product-type-simple"},"acf":[],"_links":{"self":[{"href":"https:\/\/eliksirvitalnosti.com\/hu\/wp-json\/wp\/v2\/product\/30275","targetHints":{"allow":["GET"]}}],"collection":[{"href":"https:\/\/eliksirvitalnosti.com\/hu\/wp-json\/wp\/v2\/product"}],"about":[{"href":"https:\/\/eliksirvitalnosti.com\/hu\/wp-json\/wp\/v2\/types\/product"}],"replies":[{"embeddable":true,"href":"https:\/\/eliksirvitalnosti.com\/hu\/wp-json\/wp\/v2\/comments?post=30275"}],"version-history":[{"count":1,"href":"https:\/\/eliksirvitalnosti.com\/hu\/wp-json\/wp\/v2\/product\/30275\/revisions"}],"predecessor-version":[{"id":34147,"href":"https:\/\/eliksirvitalnosti.com\/hu\/wp-json\/wp\/v2\/product\/30275\/revisions\/34147"}],"wp:featuredmedia":[{"embeddable":true,"href":"https:\/\/eliksirvitalnosti.com\/hu\/wp-json\/wp\/v2\/media\/30282"}],"wp:attachment":[{"href":"https:\/\/eliksirvitalnosti.com\/hu\/wp-json\/wp\/v2\/media?parent=30275"}],"wp:term":[{"taxonomy":"product_brand","embeddable":true,"href":"https:\/\/eliksirvitalnosti.com\/hu\/wp-json\/wp\/v2\/product_brand?post=30275"},{"taxonomy":"product_cat","embeddable":true,"href":"https:\/\/eliksirvitalnosti.com\/hu\/wp-json\/wp\/v2\/product_cat?post=30275"},{"taxonomy":"product_tag","embeddable":true,"href":"https:\/\/eliksirvitalnosti.com\/hu\/wp-json\/wp\/v2\/product_tag?post=30275"}],"curies":[{"name":"wp","href":"https:\/\/api.w.org\/{rel}","templated":true}]}}