{"id":33662,"date":"2026-03-12T17:16:39","date_gmt":"2026-03-12T17:16:39","guid":{"rendered":"https:\/\/eliksirvitalnosti.com\/?post_type=product&#038;p=33662"},"modified":"2026-04-02T13:27:49","modified_gmt":"2026-04-02T13:27:49","slug":"omega-life-olaj","status":"publish","type":"product","link":"https:\/\/eliksirvitalnosti.com\/hu\/proizvod\/omega-life-olaj\/","title":{"rendered":"Omega Life olaj"},"content":{"rendered":"<p data-start=\"0\" data-end=\"356\">Ami ezt az olajat k\u00fcl\u00f6nlegess\u00e9 teszi, az az <strong data-start=\"39\" data-end=\"91\">omega-6 \u00e9s omega-3 zs\u00edrsavak kedvez\u0151 ar\u00e1nya<\/strong>, amely l\u00e9nyegesen kiegyens\u00falyozottabb, mint a modern \u00e9trendben jelen l\u00e9v\u0151 legt\u00f6bb olaj\u00e9. Ezen \u00f6sszet\u00e9tel\u00e9nek k\u00f6sz\u00f6nhet\u0151en az <strong data-start=\"199\" data-end=\"218\">Omega Life olaj<\/strong> hozz\u00e1j\u00e1rulhat a norm\u00e1l koleszterinszint fenntart\u00e1s\u00e1hoz, t\u00e1mogathatja az eg\u00e9szs\u00e9ges kering\u00e9st, \u00e9s seg\u00edtheti a szervezetet az anyagcsere-egyens\u00faly meg\u0151rz\u00e9s\u00e9ben. <\/p>\n<hr data-start=\"358\" data-end=\"361\">\n<h3 data-section-id=\"1ow2ngf\" data-start=\"363\" data-end=\"404\">Mi\u00e9rt \u00e9s mikor haszn\u00e1ljuk az Omega Life olajat<\/h3>\n<p data-start=\"406\" data-end=\"528\">Az <strong data-start=\"406\" data-end=\"425\">Omega Life olaj<\/strong> hasznos t\u00e1panyag-t\u00e1mogat\u00e1st ny\u00fajthat azoknak, akik az al\u00e1bbi esetekben szeretn\u00e9k t\u00e1mogatni szervezet\u00fcket:<\/p>\n<p data-start=\"530\" data-end=\"797\" data-is-last-node=\"\" data-is-only-node=\"\">\u2022 <strong data-start=\"532\" data-end=\"554\">magas koleszterinszint<\/strong><br data-start=\"554\" data-end=\"557\">\u2022 <strong data-start=\"559\" data-end=\"574\">zs\u00edrm\u00e1j<\/strong><br data-start=\"574\" data-end=\"577\">\u2022 <strong data-start=\"579\" data-end=\"621\">terhelt vagy elz\u00e1r\u00f3dott erek<\/strong><br data-start=\"621\" data-end=\"624\">\u2022 <strong data-start=\"626\" data-end=\"660\">gyenge vagy lass\u00fa kering\u00e9s<\/strong><br data-start=\"660\" data-end=\"663\">\u2022 <strong data-start=\"665\" data-end=\"688\">metabolikus szindr\u00f3ma<\/strong><br data-start=\"688\" data-end=\"691\">\u2022 <strong data-start=\"693\" data-end=\"742\">sz\u00edv- \u00e9s \u00e9rrendszeri probl\u00e9m\u00e1k megel\u0151z\u00e9s\u00e9nek t\u00e1mogat\u00e1sa<\/strong><br data-start=\"742\" data-end=\"745\">\u2022 <strong data-start=\"747\" data-end=\"797\" data-is-last-node=\"\">a szervezet t\u00e1mogat\u00e1sa kr\u00f3nikus gyullad\u00e1sos \u00e1llapotok eset\u00e9n<\/strong><\/p>\n","protected":false},"excerpt":{"rendered":"<article class=\"text-token-text-primary w-full focus:outline-none [--shadow-height:45px] has-data-writing-block:pointer-events-none has-data-writing-block:-mt-(--shadow-height) has-data-writing-block:pt-(--shadow-height) [&amp;:has([data-writing-block])&gt;*]:pointer-events-auto scroll-mt-(--header-height)\" dir=\"auto\" tabindex=\"-1\" data-turn-id=\"f86a5a15-65cc-440c-b4fc-7b2da20e4299\" data-testid=\"conversation-turn-35\" data-scroll-anchor=\"false\" data-turn=\"user\">\n<div class=\"text-base my-auto mx-auto pt-12 [--thread-content-margin:var(--thread-content-margin-xs,calc(var(--spacing)*4))] @w-sm\/main:[--thread-content-margin:var(--thread-content-margin-sm,calc(var(--spacing)*6))] @w-lg\/main:[--thread-content-margin:var(--thread-content-margin-lg,calc(var(--spacing)*16))] px-(--thread-content-margin)\">\n<div class=\"[--thread-content-max-width:40rem] @w-lg\/main:[--thread-content-max-width:48rem] mx-auto max-w-(--thread-content-max-width) flex-1 group\/turn-messages focus-visible:outline-hidden relative flex w-full min-w-0 flex-col\" tabindex=\"-1\">\n<div class=\"flex max-w-full flex-col gap-4 grow\">\n<div class=\"min-h-8 text-message relative flex w-full flex-col items-end gap-2 text-start break-words whitespace-normal [.text-message+&amp;]:mt-1\" dir=\"auto\" data-message-author-role=\"user\" data-message-id=\"f86a5a15-65cc-440c-b4fc-7b2da20e4299\">\n<div class=\"flex w-full flex-col gap-1 empty:hidden items-end rtl:items-start\">\n<div class=\"user-message-bubble-color corner-superellipse\/0.98 relative rounded-[22px] px-4 py-2.5 leading-6 max-w-(--user-chat-width,70%)\">\n<div class=\"whitespace-pre-wrap\"><\/div>\n<\/div>\n<\/div>\n<\/div>\n<\/div>\n<div class=\"z-0 flex justify-end\">Az <strong data-start=\"0\" data-end=\"19\" data-is-only-node=\"\">Omega Life olaj<\/strong> egy gondosan \u00f6ssze\u00e1ll\u00edtott \u00e9trend-kieg\u00e9sz\u00edt\u0151, amely gazdag <strong data-start=\"65\" data-end=\"118\">egyszeresen tel\u00edtetlen zs\u00edrsavakban \u00e9s omega-3 (ALA) <\/strong>zs\u00edrsavban.<br \/>Ezek az \u00f6sszetev\u0151k fontos szerepet j\u00e1tszanak <strong data-start=\"156\" data-end=\"194\">a sz\u00edv- \u00e9s \u00e9rrendszer eg\u00e9szs\u00e9g\u00e9nek<\/strong> t\u00e1mogat\u00e1s\u00e1ban, valamint a <strong data-start=\"197\" data-end=\"228\">zs\u00edranyagcsere megfelel\u0151 m\u0171k\u00f6d\u00e9s\u00e9nek <\/strong>fenntart\u00e1s\u00e1ban.<\/div>\n<\/div>\n<\/div>\n<\/article>\n","protected":false},"featured_media":33691,"comment_status":"open","ping_status":"closed","template":"","meta":{"_acf_changed":false},"product_brand":[],"product_cat":[372],"product_tag":[],"class_list":{"0":"post-33662","1":"product","2":"type-product","3":"status-publish","4":"has-post-thumbnail","6":"product_cat-zold-levek","8":"first","9":"outofstock","10":"shipping-taxable","11":"purchasable","12":"product-type-simple"},"acf":[],"_links":{"self":[{"href":"https:\/\/eliksirvitalnosti.com\/hu\/wp-json\/wp\/v2\/product\/33662","targetHints":{"allow":["GET"]}}],"collection":[{"href":"https:\/\/eliksirvitalnosti.com\/hu\/wp-json\/wp\/v2\/product"}],"about":[{"href":"https:\/\/eliksirvitalnosti.com\/hu\/wp-json\/wp\/v2\/types\/product"}],"replies":[{"embeddable":true,"href":"https:\/\/eliksirvitalnosti.com\/hu\/wp-json\/wp\/v2\/comments?post=33662"}],"version-history":[{"count":1,"href":"https:\/\/eliksirvitalnosti.com\/hu\/wp-json\/wp\/v2\/product\/33662\/revisions"}],"predecessor-version":[{"id":34146,"href":"https:\/\/eliksirvitalnosti.com\/hu\/wp-json\/wp\/v2\/product\/33662\/revisions\/34146"}],"wp:featuredmedia":[{"embeddable":true,"href":"https:\/\/eliksirvitalnosti.com\/hu\/wp-json\/wp\/v2\/media\/33691"}],"wp:attachment":[{"href":"https:\/\/eliksirvitalnosti.com\/hu\/wp-json\/wp\/v2\/media?parent=33662"}],"wp:term":[{"taxonomy":"product_brand","embeddable":true,"href":"https:\/\/eliksirvitalnosti.com\/hu\/wp-json\/wp\/v2\/product_brand?post=33662"},{"taxonomy":"product_cat","embeddable":true,"href":"https:\/\/eliksirvitalnosti.com\/hu\/wp-json\/wp\/v2\/product_cat?post=33662"},{"taxonomy":"product_tag","embeddable":true,"href":"https:\/\/eliksirvitalnosti.com\/hu\/wp-json\/wp\/v2\/product_tag?post=33662"}],"curies":[{"name":"wp","href":"https:\/\/api.w.org\/{rel}","templated":true}]}}