{"id":33695,"date":"2026-03-12T19:27:17","date_gmt":"2026-03-12T19:27:17","guid":{"rendered":"https:\/\/eliksirvitalnosti.com\/?post_type=product&#038;p=33695"},"modified":"2026-04-02T13:28:13","modified_gmt":"2026-04-02T13:28:13","slug":"omega-life-csomag","status":"publish","type":"product","link":"https:\/\/eliksirvitalnosti.com\/hu\/proizvod\/omega-life-csomag\/","title":{"rendered":"Omega Life csomag"},"content":{"rendered":"<p data-start=\"0\" data-end=\"356\">Ami ezt az olajat k\u00fcl\u00f6n\u00f6sen kiemeli, az az <strong data-start=\"39\" data-end=\"91\">omega-6 \u00e9s omega-3 zs\u00edrsavak kedvez\u0151 ar\u00e1nya<\/strong>, amely sokkal kiegyens\u00falyozottabb, mint a modern \u00e9trendben jelen l\u00e9v\u0151 olajok t\u00f6bbs\u00e9ge. Ennek az \u00f6sszet\u00e9telnek k\u00f6sz\u00f6nhet\u0151en az <strong data-start=\"199\" data-end=\"218\">Omega Life csomag<\/strong> hozz\u00e1j\u00e1rulhat a norm\u00e1l koleszterinszint fenntart\u00e1s\u00e1hoz, t\u00e1mogathatja az eg\u00e9szs\u00e9ges kering\u00e9st, \u00e9s seg\u00edtheti a szervezetet az anyagcsere-egyens\u00faly fenntart\u00e1s\u00e1ban. <\/p>\n<hr data-start=\"358\" data-end=\"361\">\n<h3 data-section-id=\"1ow2ngf\" data-start=\"363\" data-end=\"404\">Mi\u00e9rt \u00e9s mikor haszn\u00e1ljuk az Omega Life olajat<\/h3>\n<p data-start=\"406\" data-end=\"528\">Az <strong data-start=\"406\" data-end=\"425\">Omega Life olaj<\/strong> hasznos t\u00e1panyag-t\u00e1mogat\u00e1st ny\u00fajthat azoknak, akik az al\u00e1bbi esetekben szeretn\u00e9k t\u00e1mogatni szervezet\u00fcket:<\/p>\n<p data-start=\"530\" data-end=\"797\" data-is-last-node=\"\" data-is-only-node=\"\">\u2022 <strong data-start=\"532\" data-end=\"554\">magas koleszterinszint<\/strong><br data-start=\"554\" data-end=\"557\">\u2022 <strong data-start=\"559\" data-end=\"574\">zs\u00edrm\u00e1j<\/strong><br data-start=\"574\" data-end=\"577\">\u2022 <strong data-start=\"579\" data-end=\"621\">terhelt vagy elz\u00e1r\u00f3dott erek<\/strong><br data-start=\"621\" data-end=\"624\">\u2022 <strong data-start=\"626\" data-end=\"660\">gyenge vagy lass\u00fa kering\u00e9s<\/strong><br data-start=\"660\" data-end=\"663\">\u2022 <strong data-start=\"665\" data-end=\"688\">metabolikus szindr\u00f3ma<\/strong><br data-start=\"688\" data-end=\"691\">\u2022 <strong data-start=\"693\" data-end=\"742\">t\u00e1mogat\u00e1s a sz\u00edv- \u00e9s \u00e9rrendszeri probl\u00e9m\u00e1k megel\u0151z\u00e9s\u00e9ben<\/strong><br data-start=\"742\" data-end=\"745\">\u2022 <strong data-start=\"747\" data-end=\"797\" data-is-last-node=\"\">a szervezet t\u00e1mogat\u00e1sa kr\u00f3nikus gyullad\u00e1sos \u00e1llapotok eset\u00e9n<\/strong><\/p>\n","protected":false},"excerpt":{"rendered":"<p>Az <strong data-start=\"0\" data-end=\"19\" data-is-only-node=\"\">Omega Life olaj<\/strong> egy gondosan \u00f6ssze\u00e1ll\u00edtott \u00e9trend-kieg\u00e9sz\u00edt\u0151, amely gazdag <strong data-start=\"65\" data-end=\"118\">egyszeresen tel\u00edtetlen zs\u00edrsavakban \u00e9s omega-3 (ALA) <\/strong>zs\u00edrsavban.<br \/>\nEzek az \u00f6sszetev\u0151k fontos szerepet j\u00e1tszanak a <strong data-start=\"156\" data-end=\"194\">sz\u00edv- \u00e9s \u00e9rrendszer eg\u00e9szs\u00e9g\u00e9nek<\/strong> t\u00e1mogat\u00e1s\u00e1ban, valamint a <strong data-start=\"197\" data-end=\"228\">zs\u00edranyagcsere megfelel\u0151 m\u0171k\u00f6d\u00e9s\u00e9nek<\/strong> fenntart\u00e1s\u00e1ban.<\/p>\n<p><b>A csomag tartalma:<br \/>2x Omega Life olaj<\/b> <\/p>\n","protected":false},"featured_media":33708,"comment_status":"open","ping_status":"closed","template":"","meta":{"_acf_changed":false},"product_brand":[],"product_cat":[403],"product_tag":[],"class_list":{"0":"post-33695","1":"product","2":"type-product","3":"status-publish","4":"has-post-thumbnail","6":"product_cat-csomagok","8":"first","9":"instock","10":"sale","11":"shipping-taxable","12":"purchasable","13":"product-type-simple"},"acf":[],"_links":{"self":[{"href":"https:\/\/eliksirvitalnosti.com\/hu\/wp-json\/wp\/v2\/product\/33695","targetHints":{"allow":["GET"]}}],"collection":[{"href":"https:\/\/eliksirvitalnosti.com\/hu\/wp-json\/wp\/v2\/product"}],"about":[{"href":"https:\/\/eliksirvitalnosti.com\/hu\/wp-json\/wp\/v2\/types\/product"}],"replies":[{"embeddable":true,"href":"https:\/\/eliksirvitalnosti.com\/hu\/wp-json\/wp\/v2\/comments?post=33695"}],"version-history":[{"count":1,"href":"https:\/\/eliksirvitalnosti.com\/hu\/wp-json\/wp\/v2\/product\/33695\/revisions"}],"predecessor-version":[{"id":34149,"href":"https:\/\/eliksirvitalnosti.com\/hu\/wp-json\/wp\/v2\/product\/33695\/revisions\/34149"}],"wp:featuredmedia":[{"embeddable":true,"href":"https:\/\/eliksirvitalnosti.com\/hu\/wp-json\/wp\/v2\/media\/33708"}],"wp:attachment":[{"href":"https:\/\/eliksirvitalnosti.com\/hu\/wp-json\/wp\/v2\/media?parent=33695"}],"wp:term":[{"taxonomy":"product_brand","embeddable":true,"href":"https:\/\/eliksirvitalnosti.com\/hu\/wp-json\/wp\/v2\/product_brand?post=33695"},{"taxonomy":"product_cat","embeddable":true,"href":"https:\/\/eliksirvitalnosti.com\/hu\/wp-json\/wp\/v2\/product_cat?post=33695"},{"taxonomy":"product_tag","embeddable":true,"href":"https:\/\/eliksirvitalnosti.com\/hu\/wp-json\/wp\/v2\/product_tag?post=33695"}],"curies":[{"name":"wp","href":"https:\/\/api.w.org\/{rel}","templated":true}]}}